{"id":1581,"date":"2025-11-04T10:03:46","date_gmt":"2025-11-04T10:03:46","guid":{"rendered":"https:\/\/sia.edu.vn\/career-pathways\/?page_id=1581"},"modified":"2025-12-11T13:52:03","modified_gmt":"2025-12-11T06:52:03","slug":"dang-ky-tham-gia","status":"publish","type":"page","link":"https:\/\/sia.edu.vn\/career-pathways\/dang-ky-tham-gia\/","title":{"rendered":"\u0110\u0103ng\u00a0k\u00fd\u00a0tham\u00a0gia\u200b"},"content":{"rendered":"\t\t<div data-elementor-type=\"wp-page\" data-elementor-id=\"1581\" class=\"elementor elementor-1581\" data-elementor-post-type=\"page\">\n\t\t\t\t<div class=\"elementor-element elementor-element-ff615cb e-flex e-con-boxed lakit-col-width-auto-no e-container e-root-container elementor-top-section e-con e-parent\" data-id=\"ff615cb\" data-element_type=\"container\" data-settings=\"{&quot;background_background&quot;:&quot;classic&quot;}\">\n\t\t\t\t\t<div class=\"e-con-inner\">\n\t\t\t\t<div class=\"elementor-element elementor-element-cb4a79a elementor-widget__width-initial elementor-widget elementor-widget-image\" data-id=\"cb4a79a\" data-element_type=\"widget\" data-widget_type=\"image.default\">\n\t\t\t\t\t\t\t\t\t\t\t\t\t\t\t<img decoding=\"async\" width=\"156\" height=\"54\" src=\"https:\/\/sia.edu.vn\/career-pathways\/wp-content\/uploads\/2025\/12\/Logo-trang-1.svg\" class=\"attachment-full size-full wp-image-1692\" alt=\"\" \/>\t\t\t\t\t\t\t\t\t\t\t\t\t\t\t<\/div>\n\t\t\t\t<div class=\"elementor-element elementor-element-3eb4a87 elementor-widget__width-initial title_yellow elementor-widget-mobile__width-inherit elementor-widget elementor-widget-heading\" data-id=\"3eb4a87\" data-element_type=\"widget\" data-widget_type=\"heading.default\">\n\t\t\t\t\t<h2 class=\"elementor-heading-title elementor-size-default\">\u0110\u0102NG K\u00dd ASSESSMENT\nCH\u01af\u01a0NG TR\u00ccNH CAREER PATHWAY<\/h2>\t\t\t\t<\/div>\n\t\t\t\t\t<\/div>\n\t\t\t\t<\/div>\n\t\t<div class=\"elementor-element elementor-element-dfcd0c3 e-flex e-con-boxed lakit-col-width-auto-no e-container e-root-container elementor-top-section e-con e-parent\" data-id=\"dfcd0c3\" data-element_type=\"container\">\n\t\t\t\t\t<div class=\"e-con-inner\">\n\t\t\t\t<div class=\"elementor-element elementor-element-6bea736 elementor-widget__width-initial elementor-widget elementor-widget-text-editor\" data-id=\"6bea736\" data-element_type=\"widget\" data-widget_type=\"text-editor.default\">\n\t\t\t\t\t\t\t\t\t\n<div class=\"wpcf7 no-js\" id=\"wpcf7-f715-o1\" lang=\"en-US\" dir=\"ltr\" data-wpcf7-id=\"715\">\n<div class=\"screen-reader-response\"><p role=\"status\" aria-live=\"polite\" aria-atomic=\"true\"><\/p> <ul><\/ul><\/div>\n<form action=\"\/career-pathways\/wp-json\/wp\/v2\/pages\/1581#wpcf7-f715-o1\" method=\"post\" class=\"wpcf7-form init\" aria-label=\"Contact form\" novalidate=\"novalidate\" data-status=\"init\">\n<fieldset class=\"hidden-fields-container\"><input type=\"hidden\" name=\"_wpcf7\" value=\"715\" \/><input type=\"hidden\" name=\"_wpcf7_version\" value=\"6.1.4\" \/><input type=\"hidden\" name=\"_wpcf7_locale\" value=\"en_US\" \/><input type=\"hidden\" name=\"_wpcf7_unit_tag\" value=\"wpcf7-f715-o1\" \/><input type=\"hidden\" name=\"_wpcf7_container_post\" value=\"0\" \/><input type=\"hidden\" name=\"_wpcf7_posted_data_hash\" value=\"\" \/>\n<\/fieldset>\n<div class=\"vimaf-form\">\n <!-- H\u1ecdc vi\u00ean -->\n\t<div class=\"row-2col\">\n\t\t<p class=\"field col has-icon user\"><span class=\"wpcf7-form-control-wrap\" data-name=\"your-name\"><input size=\"40\" maxlength=\"400\" class=\"wpcf7-form-control wpcf7-text wpcf7-validates-as-required\" aria-required=\"true\" aria-invalid=\"false\" placeholder=\"H\u1ecd v\u00e0 t\u00ean H\u1ecdc vi\u00ean\" value=\"\" type=\"text\" name=\"your-name\" \/><\/span>\n\t\t<\/p>\n\t\t<p class=\"field col has-icon calendar\"><span class=\"wpcf7-form-control-wrap\" data-name=\"date-915\"><input size=\"40\" maxlength=\"400\" class=\"wpcf7-form-control wpcf7-text wpcf7-validates-as-required\" aria-required=\"true\" aria-invalid=\"false\" placeholder=\"Ng\u00e0y th\u00e1ng n\u0103m sinh\" value=\"\" type=\"text\" name=\"date-915\" \/><\/span>\n\t\t<\/p>\n\t<\/div>\n\t<div class=\"row-2col\">\n\t\t<p class=\"field col has-icon mail\"><span class=\"wpcf7-form-control-wrap\" data-name=\"your-email\"><input size=\"40\" maxlength=\"400\" class=\"wpcf7-form-control wpcf7-email wpcf7-validates-as-required wpcf7-text wpcf7-validates-as-email\" aria-required=\"true\" aria-invalid=\"false\" placeholder=\"Email\" value=\"\" type=\"email\" name=\"your-email\" \/><\/span>\n\t\t<\/p>\n\t\t<p class=\"field col has-icon phone\"><span class=\"wpcf7-form-control-wrap\" data-name=\"your-phone\"><input size=\"40\" maxlength=\"400\" class=\"wpcf7-form-control wpcf7-tel wpcf7-validates-as-required wpcf7-text wpcf7-validates-as-tel\" aria-required=\"true\" aria-invalid=\"false\" placeholder=\"S\u1ed1 \u0111i\u1ec7n tho\u1ea1i\" value=\"\" type=\"tel\" name=\"your-phone\" \/><\/span>\n\t\t<\/p>\n\t<\/div>\n\t<div class=\"vimaf-divider\">\n\t<\/div>\n\n <!-- Ph\u1ee5 huynh -->\n\t<p class=\"field has-icon user\"><span class=\"wpcf7-form-control-wrap\" data-name=\"parent-name\"><input size=\"40\" maxlength=\"400\" class=\"wpcf7-form-control wpcf7-text\" aria-invalid=\"false\" placeholder=\"H\u1ecd v\u00e0 t\u00ean Ph\u1ee5 huynh (n\u1ebfu H\u1ecdc vi\u00ean d\u01b0\u1edbi 16 tu\u1ed5i)\" value=\"\" type=\"text\" name=\"parent-name\" \/><\/span>\n\t<\/p>\n\t<div class=\"row-2col\">\n\t\t<p class=\"field col has-icon mail\"><span class=\"wpcf7-form-control-wrap\" data-name=\"parent-email\"><input size=\"40\" maxlength=\"400\" class=\"wpcf7-form-control wpcf7-email wpcf7-text wpcf7-validates-as-email\" aria-invalid=\"false\" placeholder=\"Email Ph\u1ee5 huynh\" value=\"\" type=\"email\" name=\"parent-email\" \/><\/span>\n\t\t<\/p>\n\t\t<p class=\"field col has-icon phone\"><span class=\"wpcf7-form-control-wrap\" data-name=\"parent-phone\"><input size=\"40\" maxlength=\"400\" class=\"wpcf7-form-control wpcf7-tel wpcf7-text wpcf7-validates-as-tel\" aria-invalid=\"false\" placeholder=\"S\u1ed1 \u0111i\u1ec7n tho\u1ea1i Ph\u1ee5 huynh\" value=\"\" type=\"tel\" name=\"parent-phone\" \/><\/span>\n\t\t<\/p>\n\t<\/div>\n\t<div class=\"vimaf-divider\">\n\t<\/div>\n\n <!-- L\u0129nh v\u1ef1c -->\n\t<div class=\"group\">\n\t\t<div class=\"group-title\">\n\t\t\t<p><strong>L\u0129nh v\u1ef1c ngh\u1ec7 thu\u1eadt \u0111ang quan t\u00e2m<\/strong>\n\t\t\t<\/p>\n\t\t<\/div>\n\t\t<p><span class=\"wpcf7-form-control-wrap\" data-name=\"linhvuc\"><span class=\"wpcf7-form-control wpcf7-radio\"><span class=\"wpcf7-list-item first\"><label><input type=\"radio\" name=\"linhvuc\" value=\"\u00c2m nh\u1ea1c\" \/><span class=\"wpcf7-list-item-label\">\u00c2m nh\u1ea1c<\/span><\/label><\/span><span class=\"wpcf7-list-item\"><label><input type=\"radio\" name=\"linhvuc\" value=\"V\u0169 \u0111\u1ea1o\" \/><span class=\"wpcf7-list-item-label\">V\u0169 \u0111\u1ea1o<\/span><\/label><\/span><span class=\"wpcf7-list-item last\"><label><input type=\"radio\" name=\"linhvuc\" value=\"Ngh\u1ec7 thu\u1eadt Th\u1ecb gi\u00e1c\" \/><span class=\"wpcf7-list-item-label\">Ngh\u1ec7 thu\u1eadt Th\u1ecb gi\u00e1c<\/span><\/label><\/span><\/span><\/span>\n\t\t<\/p>\n\t<\/div>\n\n <!-- Ch\u01b0\u01a1ng tr\u00ecnh h\u1ecdc -->\n\t<div class=\"group\">\n\t\t<div class=\"group-title\">\n\t\t\t<p><strong>Ch\u01b0\u01a1ng tr\u00ecnh h\u1ecdc \u0111ang quan t\u00e2m<\/strong>\n\t\t\t<\/p>\n\t\t<\/div>\n\t\t<p><span class=\"wpcf7-form-control-wrap\" data-name=\"package\"><span class=\"wpcf7-form-control wpcf7-radio\"><span class=\"wpcf7-list-item first\"><label><input type=\"radio\" name=\"package\" value=\"Ch\u01b0\u01a1ng tr\u00ecnh Trung h\u1ecdc Ngh\u1ec7 thu\u1eadt (D\u1ef1 b\u1ecb Cao \u0111\u1eb3ng\/\u0110\u1ea1i h\u1ecdc chuy\u00ean ng\u00e0nh ngh\u1ec7 thu\u1eadt)\" \/><span class=\"wpcf7-list-item-label\">Ch\u01b0\u01a1ng tr\u00ecnh Trung h\u1ecdc Ngh\u1ec7 thu\u1eadt (D\u1ef1 b\u1ecb Cao \u0111\u1eb3ng\/\u0110\u1ea1i h\u1ecdc chuy\u00ean ng\u00e0nh ngh\u1ec7 thu\u1eadt)<\/span><\/label><\/span><span class=\"wpcf7-list-item\"><label><input type=\"radio\" name=\"package\" value=\"Ch\u01b0\u01a1ng tr\u00ecnh Cao \u0111\u1eb3ng Ngh\u1ec7 thu\u1eadt li\u00ean k\u1ebft qu\u1ed1c t\u1ebf\" \/><span class=\"wpcf7-list-item-label\">Ch\u01b0\u01a1ng tr\u00ecnh Cao \u0111\u1eb3ng Ngh\u1ec7 thu\u1eadt li\u00ean k\u1ebft qu\u1ed1c t\u1ebf<\/span><\/label><\/span><span class=\"wpcf7-list-item last\"><label><input type=\"radio\" name=\"package\" value=\"Ch\u01b0\u01a1ng tr\u00ecnh Du h\u1ecdc Qu\u1ed1c t\u1ebf chuy\u00ean ng\u00e0nh Ngh\u1ec7 thu\u1eadt\" \/><span class=\"wpcf7-list-item-label\">Ch\u01b0\u01a1ng tr\u00ecnh Du h\u1ecdc Qu\u1ed1c t\u1ebf chuy\u00ean ng\u00e0nh Ngh\u1ec7 thu\u1eadt<\/span><\/label><\/span><\/span><\/span>\n\t\t<\/p>\n\t<\/div>\n\t<p class=\"submit-wrap\"><br \/>\n<input class=\"wpcf7-form-control wpcf7-submit has-spinner btn btn-vimaf\" type=\"submit\" value=\"\u0110\u0102NG K\u00dd \u2192\" \/>\n\t<\/p>\n<\/div><div class=\"wpcf7-response-output\" aria-hidden=\"true\"><\/div>\n<\/form>\n<\/div>\n\t\t\t\t\t\t\t\t<\/div>\n\t\t\t\t\t<\/div>\n\t\t\t\t<\/div>\n\t\t\t\t<\/div>\n\t\t","protected":false},"excerpt":{"rendered":"<p>\u0110\u0102NG K\u00dd ASSESSMENT CH\u01af\u01a0NG TR\u00ccNH CAREER PATHWAY<\/p>\n","protected":false},"author":1,"featured_media":0,"parent":0,"menu_order":0,"comment_status":"closed","ping_status":"closed","template":"elementor_header_footer","meta":{"footnotes":""},"class_list":["post-1581","page","type-page","status-publish","hentry"],"_links":{"self":[{"href":"https:\/\/sia.edu.vn\/career-pathways\/wp-json\/wp\/v2\/pages\/1581","targetHints":{"allow":["GET"]}}],"collection":[{"href":"https:\/\/sia.edu.vn\/career-pathways\/wp-json\/wp\/v2\/pages"}],"about":[{"href":"https:\/\/sia.edu.vn\/career-pathways\/wp-json\/wp\/v2\/types\/page"}],"author":[{"embeddable":true,"href":"https:\/\/sia.edu.vn\/career-pathways\/wp-json\/wp\/v2\/users\/1"}],"replies":[{"embeddable":true,"href":"https:\/\/sia.edu.vn\/career-pathways\/wp-json\/wp\/v2\/comments?post=1581"}],"version-history":[{"count":37,"href":"https:\/\/sia.edu.vn\/career-pathways\/wp-json\/wp\/v2\/pages\/1581\/revisions"}],"predecessor-version":[{"id":2082,"href":"https:\/\/sia.edu.vn\/career-pathways\/wp-json\/wp\/v2\/pages\/1581\/revisions\/2082"}],"wp:attachment":[{"href":"https:\/\/sia.edu.vn\/career-pathways\/wp-json\/wp\/v2\/media?parent=1581"}],"curies":[{"name":"wp","href":"https:\/\/api.w.org\/{rel}","templated":true}]}}